{"id":1610,"date":"2025-05-19T17:05:14","date_gmt":"2025-05-19T15:05:14","guid":{"rendered":"https:\/\/fareco-cse.fr\/?page_id=1610"},"modified":"2025-05-19T17:05:14","modified_gmt":"2025-05-19T15:05:14","slug":"oeuvres-sociales","status":"publish","type":"page","link":"https:\/\/fareco-cse.fr\/?page_id=1610","title":{"rendered":"\u0152uvres Sociales"},"content":{"rendered":"Vous devez \u00eatre connect\u00e9 pour voir ce contenu.","protected":false},"excerpt":{"rendered":"Vous devez \u00eatre connect\u00e9 pour voir ce contenu.","protected":false},"author":31,"featured_media":0,"parent":0,"menu_order":0,"comment_status":"closed","ping_status":"closed","template":"","meta":{"footnotes":""},"class_list":["post-1610","page","type-page","status-publish","hentry"],"_links":{"self":[{"href":"https:\/\/fareco-cse.fr\/index.php?rest_route=\/wp\/v2\/pages\/1610","targetHints":{"allow":["GET"]}}],"collection":[{"href":"https:\/\/fareco-cse.fr\/index.php?rest_route=\/wp\/v2\/pages"}],"about":[{"href":"https:\/\/fareco-cse.fr\/index.php?rest_route=\/wp\/v2\/types\/page"}],"author":[{"embeddable":true,"href":"https:\/\/fareco-cse.fr\/index.php?rest_route=\/wp\/v2\/users\/31"}],"replies":[{"embeddable":true,"href":"https:\/\/fareco-cse.fr\/index.php?rest_route=%2Fwp%2Fv2%2Fcomments&post=1610"}],"version-history":[{"count":1,"href":"https:\/\/fareco-cse.fr\/index.php?rest_route=\/wp\/v2\/pages\/1610\/revisions"}],"predecessor-version":[{"id":1612,"href":"https:\/\/fareco-cse.fr\/index.php?rest_route=\/wp\/v2\/pages\/1610\/revisions\/1612"}],"wp:attachment":[{"href":"https:\/\/fareco-cse.fr\/index.php?rest_route=%2Fwp%2Fv2%2Fmedia&parent=1610"}],"curies":[{"name":"wp","href":"https:\/\/api.w.org\/{rel}","templated":true}]}}