{"id":1485,"date":"2024-06-18T01:10:15","date_gmt":"2024-06-17T23:10:15","guid":{"rendered":"https:\/\/fareco-cse.fr\/?page_id=1485"},"modified":"2025-06-05T11:32:53","modified_gmt":"2025-06-05T09:32:53","slug":"cheque-vacances","status":"publish","type":"page","link":"https:\/\/fareco-cse.fr\/?page_id=1485","title":{"rendered":"Ch\u00e8que Vacances"},"content":{"rendered":"Vous devez \u00eatre connect\u00e9 pour voir ce contenu.","protected":false},"excerpt":{"rendered":"Vous devez \u00eatre connect\u00e9 pour voir ce contenu.","protected":false},"author":31,"featured_media":1489,"parent":0,"menu_order":0,"comment_status":"closed","ping_status":"closed","template":"","meta":{"footnotes":""},"class_list":["post-1485","page","type-page","status-publish","has-post-thumbnail","hentry"],"_links":{"self":[{"href":"https:\/\/fareco-cse.fr\/index.php?rest_route=\/wp\/v2\/pages\/1485","targetHints":{"allow":["GET"]}}],"collection":[{"href":"https:\/\/fareco-cse.fr\/index.php?rest_route=\/wp\/v2\/pages"}],"about":[{"href":"https:\/\/fareco-cse.fr\/index.php?rest_route=\/wp\/v2\/types\/page"}],"author":[{"embeddable":true,"href":"https:\/\/fareco-cse.fr\/index.php?rest_route=\/wp\/v2\/users\/31"}],"replies":[{"embeddable":true,"href":"https:\/\/fareco-cse.fr\/index.php?rest_route=%2Fwp%2Fv2%2Fcomments&post=1485"}],"version-history":[{"count":15,"href":"https:\/\/fareco-cse.fr\/index.php?rest_route=\/wp\/v2\/pages\/1485\/revisions"}],"predecessor-version":[{"id":1617,"href":"https:\/\/fareco-cse.fr\/index.php?rest_route=\/wp\/v2\/pages\/1485\/revisions\/1617"}],"wp:featuredmedia":[{"embeddable":true,"href":"https:\/\/fareco-cse.fr\/index.php?rest_route=\/wp\/v2\/media\/1489"}],"wp:attachment":[{"href":"https:\/\/fareco-cse.fr\/index.php?rest_route=%2Fwp%2Fv2%2Fmedia&parent=1485"}],"curies":[{"name":"wp","href":"https:\/\/api.w.org\/{rel}","templated":true}]}}