{"id":1384,"date":"2024-05-30T21:44:02","date_gmt":"2024-05-30T19:44:02","guid":{"rendered":"https:\/\/fareco-cse.fr\/?page_id=1384"},"modified":"2024-05-30T22:26:07","modified_gmt":"2024-05-30T20:26:07","slug":"commande-de-parfum","status":"publish","type":"page","link":"https:\/\/fareco-cse.fr\/?page_id=1384","title":{"rendered":"Commande de Parfums"},"content":{"rendered":"Vous devez \u00eatre connect\u00e9 pour voir ce contenu.","protected":false},"excerpt":{"rendered":"Vous devez \u00eatre connect\u00e9 pour voir ce contenu.","protected":false},"author":31,"featured_media":0,"parent":0,"menu_order":3,"comment_status":"closed","ping_status":"closed","template":"","meta":{"footnotes":""},"class_list":["post-1384","page","type-page","status-publish","hentry"],"_links":{"self":[{"href":"https:\/\/fareco-cse.fr\/index.php?rest_route=\/wp\/v2\/pages\/1384","targetHints":{"allow":["GET"]}}],"collection":[{"href":"https:\/\/fareco-cse.fr\/index.php?rest_route=\/wp\/v2\/pages"}],"about":[{"href":"https:\/\/fareco-cse.fr\/index.php?rest_route=\/wp\/v2\/types\/page"}],"author":[{"embeddable":true,"href":"https:\/\/fareco-cse.fr\/index.php?rest_route=\/wp\/v2\/users\/31"}],"replies":[{"embeddable":true,"href":"https:\/\/fareco-cse.fr\/index.php?rest_route=%2Fwp%2Fv2%2Fcomments&post=1384"}],"version-history":[{"count":8,"href":"https:\/\/fareco-cse.fr\/index.php?rest_route=\/wp\/v2\/pages\/1384\/revisions"}],"predecessor-version":[{"id":1398,"href":"https:\/\/fareco-cse.fr\/index.php?rest_route=\/wp\/v2\/pages\/1384\/revisions\/1398"}],"wp:attachment":[{"href":"https:\/\/fareco-cse.fr\/index.php?rest_route=%2Fwp%2Fv2%2Fmedia&parent=1384"}],"curies":[{"name":"wp","href":"https:\/\/api.w.org\/{rel}","templated":true}]}}